{"id":2,"date":"2023-05-01T00:41:13","date_gmt":"2023-04-30T22:41:13","guid":{"rendered":"http:\/\/wilemollekonomi.se\/?page_id=2"},"modified":"2023-05-01T00:41:13","modified_gmt":"2023-04-30T22:41:13","slug":"exempelsida","status":"publish","type":"page","link":"http:\/\/wilemollekonomi.se\/?page_id=2","title":{"rendered":"Exempelsida"},"content":{"rendered":"\n<p>Detta \u00e4r en exempelsida. Den skiljer sig fr\u00e5n ett blogginl\u00e4gg genom att den finns kvar p\u00e5 samma plats och kommer att visas i din webbplatsnavigering (i de flesta teman). De flesta b\u00f6rjar med en Om-sida som presenterar dem f\u00f6r potentiella bes\u00f6kare. Den skulle t.ex kunna ha f\u00f6ljande inneh\u00e5ll:<\/p>\n\n\n\n<blockquote class=\"wp-block-quote\"><p>Hej d\u00e4r! Jag \u00e4r cykelbud p\u00e5 dagen, blivande sk\u00e5despelare p\u00e5 natten och detta \u00e4r min blogg. Jag bor i \u00d6rebro, har en katt som heter Lurv och jag gillar Pina Coladas. (och att simma i G\u00f6ta kanal).<\/p><\/blockquote>\n\n\n\n<p>&#8230; eller n\u00e5got liknande detta:<\/p>\n\n\n\n<blockquote class=\"wp-block-quote\"><p>F\u00f6retaget AB grundades 1971 och har sedan dess varit den st\u00f6rsta leverant\u00f6ren av grunk-manicker p\u00e5 den svenska marknaden. FAB finns i utkanten av Gr\u00f6nk\u00f6ping, har drygt 20&nbsp;000 anst\u00e4llda och l\u00e4ser veckobladet varje \u00e5r.<\/p><\/blockquote>\n\n\n\n<p>Som ny WordPress-anv\u00e4ndare b\u00f6r du g\u00e5 till <a href=\"http:\/\/wilemollekonomi.se\/wp-admin\/\">din adminpanel<\/a> f\u00f6r att ta bort denna sida och skapa nya sidor f\u00f6r ditt inneh\u00e5ll. Lycka till!<\/p>\n","protected":false},"excerpt":{"rendered":"<p>Detta \u00e4r en exempelsida. Den skiljer sig fr\u00e5n ett blogginl\u00e4gg genom att den finns kvar p\u00e5 samma plats och kommer att visas i din webbplatsnavigering (i de flesta teman). De flesta b\u00f6rjar med en Om-sida som presenterar dem f\u00f6r potentiella bes\u00f6kare. Den skulle t.ex kunna ha f\u00f6ljande inneh\u00e5ll: Hej d\u00e4r! Jag \u00e4r cykelbud p\u00e5 dagen, [&hellip;]<\/p>\n","protected":false},"author":1,"featured_media":0,"parent":0,"menu_order":0,"comment_status":"closed","ping_status":"open","template":"","meta":{"_mi_skip_tracking":false},"yoast_head":"<!-- This site is optimized with the Yoast SEO plugin v20.6 - https:\/\/yoast.com\/wordpress\/plugins\/seo\/ -->\n<title>Exempelsida - wilemollekonomi.se<\/title>\n<meta name=\"robots\" content=\"index, follow, max-snippet:-1, max-image-preview:large, max-video-preview:-1\" \/>\n<link rel=\"canonical\" href=\"http:\/\/wilemollekonomi.se\/?page_id=2\" \/>\n<meta property=\"og:locale\" content=\"sv_SE\" \/>\n<meta property=\"og:type\" content=\"article\" \/>\n<meta property=\"og:title\" content=\"Exempelsida - wilemollekonomi.se\" \/>\n<meta property=\"og:description\" content=\"Detta \u00e4r en exempelsida. Den skiljer sig fr\u00e5n ett blogginl\u00e4gg genom att den finns kvar p\u00e5 samma plats och kommer att visas i din webbplatsnavigering (i de flesta teman). De flesta b\u00f6rjar med en Om-sida som presenterar dem f\u00f6r potentiella bes\u00f6kare. Den skulle t.ex kunna ha f\u00f6ljande inneh\u00e5ll: Hej d\u00e4r! Jag \u00e4r cykelbud p\u00e5 dagen, [&hellip;]\" \/>\n<meta property=\"og:url\" content=\"http:\/\/wilemollekonomi.se\/?page_id=2\" \/>\n<meta property=\"og:site_name\" content=\"wilemollekonomi.se\" \/>\n<meta name=\"twitter:card\" content=\"summary_large_image\" \/>\n<meta name=\"twitter:label1\" content=\"Ber\u00e4knad l\u00e4stid\" \/>\n\t<meta name=\"twitter:data1\" content=\"1 minut\" \/>\n<script type=\"application\/ld+json\" class=\"yoast-schema-graph\">{\"@context\":\"https:\/\/schema.org\",\"@graph\":[{\"@type\":\"WebPage\",\"@id\":\"http:\/\/wilemollekonomi.se\/?page_id=2\",\"url\":\"http:\/\/wilemollekonomi.se\/?page_id=2\",\"name\":\"Exempelsida - wilemollekonomi.se\",\"isPartOf\":{\"@id\":\"https:\/\/wilemollekonomi.se\/#website\"},\"datePublished\":\"2023-04-30T22:41:13+00:00\",\"dateModified\":\"2023-04-30T22:41:13+00:00\",\"breadcrumb\":{\"@id\":\"http:\/\/wilemollekonomi.se\/?page_id=2#breadcrumb\"},\"inLanguage\":\"sv-SE\",\"potentialAction\":[{\"@type\":\"ReadAction\",\"target\":[\"http:\/\/wilemollekonomi.se\/?page_id=2\"]}]},{\"@type\":\"BreadcrumbList\",\"@id\":\"http:\/\/wilemollekonomi.se\/?page_id=2#breadcrumb\",\"itemListElement\":[{\"@type\":\"ListItem\",\"position\":1,\"name\":\"Home\",\"item\":\"https:\/\/wilemollekonomi.se\/\"},{\"@type\":\"ListItem\",\"position\":2,\"name\":\"Exempelsida\"}]},{\"@type\":\"WebSite\",\"@id\":\"https:\/\/wilemollekonomi.se\/#website\",\"url\":\"https:\/\/wilemollekonomi.se\/\",\"name\":\"wilemollekonomi.se\",\"description\":\"\",\"potentialAction\":[{\"@type\":\"SearchAction\",\"target\":{\"@type\":\"EntryPoint\",\"urlTemplate\":\"https:\/\/wilemollekonomi.se\/?s={search_term_string}\"},\"query-input\":\"required name=search_term_string\"}],\"inLanguage\":\"sv-SE\"}]}<\/script>\n<!-- \/ Yoast SEO plugin. -->","yoast_head_json":{"title":"Exempelsida - wilemollekonomi.se","robots":{"index":"index","follow":"follow","max-snippet":"max-snippet:-1","max-image-preview":"max-image-preview:large","max-video-preview":"max-video-preview:-1"},"canonical":"http:\/\/wilemollekonomi.se\/?page_id=2","og_locale":"sv_SE","og_type":"article","og_title":"Exempelsida - wilemollekonomi.se","og_description":"Detta \u00e4r en exempelsida. Den skiljer sig fr\u00e5n ett blogginl\u00e4gg genom att den finns kvar p\u00e5 samma plats och kommer att visas i din webbplatsnavigering (i de flesta teman). De flesta b\u00f6rjar med en Om-sida som presenterar dem f\u00f6r potentiella bes\u00f6kare. Den skulle t.ex kunna ha f\u00f6ljande inneh\u00e5ll: Hej d\u00e4r! Jag \u00e4r cykelbud p\u00e5 dagen, [&hellip;]","og_url":"http:\/\/wilemollekonomi.se\/?page_id=2","og_site_name":"wilemollekonomi.se","twitter_card":"summary_large_image","twitter_misc":{"Ber\u00e4knad l\u00e4stid":"1 minut"},"schema":{"@context":"https:\/\/schema.org","@graph":[{"@type":"WebPage","@id":"http:\/\/wilemollekonomi.se\/?page_id=2","url":"http:\/\/wilemollekonomi.se\/?page_id=2","name":"Exempelsida - wilemollekonomi.se","isPartOf":{"@id":"https:\/\/wilemollekonomi.se\/#website"},"datePublished":"2023-04-30T22:41:13+00:00","dateModified":"2023-04-30T22:41:13+00:00","breadcrumb":{"@id":"http:\/\/wilemollekonomi.se\/?page_id=2#breadcrumb"},"inLanguage":"sv-SE","potentialAction":[{"@type":"ReadAction","target":["http:\/\/wilemollekonomi.se\/?page_id=2"]}]},{"@type":"BreadcrumbList","@id":"http:\/\/wilemollekonomi.se\/?page_id=2#breadcrumb","itemListElement":[{"@type":"ListItem","position":1,"name":"Home","item":"https:\/\/wilemollekonomi.se\/"},{"@type":"ListItem","position":2,"name":"Exempelsida"}]},{"@type":"WebSite","@id":"https:\/\/wilemollekonomi.se\/#website","url":"https:\/\/wilemollekonomi.se\/","name":"wilemollekonomi.se","description":"","potentialAction":[{"@type":"SearchAction","target":{"@type":"EntryPoint","urlTemplate":"https:\/\/wilemollekonomi.se\/?s={search_term_string}"},"query-input":"required name=search_term_string"}],"inLanguage":"sv-SE"}]}},"_links":{"self":[{"href":"http:\/\/wilemollekonomi.se\/index.php?rest_route=\/wp\/v2\/pages\/2"}],"collection":[{"href":"http:\/\/wilemollekonomi.se\/index.php?rest_route=\/wp\/v2\/pages"}],"about":[{"href":"http:\/\/wilemollekonomi.se\/index.php?rest_route=\/wp\/v2\/types\/page"}],"author":[{"embeddable":true,"href":"http:\/\/wilemollekonomi.se\/index.php?rest_route=\/wp\/v2\/users\/1"}],"replies":[{"embeddable":true,"href":"http:\/\/wilemollekonomi.se\/index.php?rest_route=%2Fwp%2Fv2%2Fcomments&post=2"}],"version-history":[{"count":0,"href":"http:\/\/wilemollekonomi.se\/index.php?rest_route=\/wp\/v2\/pages\/2\/revisions"}],"wp:attachment":[{"href":"http:\/\/wilemollekonomi.se\/index.php?rest_route=%2Fwp%2Fv2%2Fmedia&parent=2"}],"curies":[{"name":"wp","href":"https:\/\/api.w.org\/{rel}","templated":true}]}}